{"id":10,"date":"2023-10-12T23:19:53","date_gmt":"2023-10-12T23:19:53","guid":{"rendered":"https:\/\/www.nardihidraulicos.com.br\/site\/?page_id=10"},"modified":"2024-03-18T14:39:12","modified_gmt":"2024-03-18T17:39:12","slug":"nardi-industrial","status":"publish","type":"page","link":"https:\/\/www.nardihidraulicos.com.br\/site\/nardi-industrial\/","title":{"rendered":"Sobre"},"content":{"rendered":"<p>Em fevereiro de 1984, a empresa Silvio Antonio Nardi ME deu in\u00edcio \u00e0s suas opera\u00e7\u00f5es em Passo Fundo, Rio Grande do Sul, marcando o nascimento da atual Nardi Grupo Industrial.<\/p>\n<p>Hoje, a Nardi Grupo Industrial \u00e9 uma empresa de renome no mercado ga\u00facho, destacando-se na manuten\u00e7\u00e3o, revenda e fabrica\u00e7\u00e3o de produtos destinados a equipamentos hidr\u00e1ulicos utilizados nos setores agr\u00edcola, rodovi\u00e1rio e industrial.<\/p>\n<p>O grupo \u00e9 composto por duas divis\u00f5es fundamentais: a SAN HYDRAULICS, que \u00e9 respons\u00e1vel pela produ\u00e7\u00e3o de bombas e motores hidr\u00e1ulicos, e a DSTRAC AGRICULTURE, uma pioneira nacional na fabrica\u00e7\u00e3o de eixos e acess\u00f3rios voltados para os segmentos agr\u00edcola.<\/p>\n<p><img decoding=\"async\" class=\"aligncenter wp-image-45 size-large\" src=\"https:\/\/www.nardihidraulicos.com.br\/site\/wp-content\/uploads\/2023\/10\/aerea-empresa1-scaled-1024x576.jpg\" alt=\"\" width=\"1024\" height=\"576\"  loading=\"lazy\" srcset=\"https:\/\/www.nardihidraulicos.com.br\/site\/wp-content\/uploads\/2023\/10\/aerea-empresa1-scaled-1024x576.jpg 1024w, https:\/\/www.nardihidraulicos.com.br\/site\/wp-content\/uploads\/2023\/10\/aerea-empresa1-scaled-300x169.jpg 300w, https:\/\/www.nardihidraulicos.com.br\/site\/wp-content\/uploads\/2023\/10\/aerea-empresa1-scaled-768x432.jpg 768w, https:\/\/www.nardihidraulicos.com.br\/site\/wp-content\/uploads\/2023\/10\/aerea-empresa1-scaled.jpg 2048w\" sizes=\"auto, (max-width: 1024px) 100vw, 1024px\" \/><\/p>\n<p>&nbsp;<\/p>\n<h1 style=\"text-align: center;\">In\u00edcio das Atividades (1984)<\/h1>\n<p style=\"text-align: center;\"><img decoding=\"async\" class=\"aligncenter wp-image-30 size-full\" src=\"https:\/\/www.nardihidraulicos.com.br\/site\/wp-content\/uploads\/2023\/10\/1984.jpg\" alt=\"\" width=\"505\" height=\"390\"  loading=\"lazy\" srcset=\"https:\/\/www.nardihidraulicos.com.br\/site\/wp-content\/uploads\/2023\/10\/1984.jpg 505w, https:\/\/www.nardihidraulicos.com.br\/site\/wp-content\/uploads\/2023\/10\/1984-300x232.jpg 300w\" sizes=\"auto, (max-width: 505px) 100vw, 505px\" \/><\/p>\n<p style=\"text-align: center;\">O Sr. Silvio Antonio Nardi fundou a Mec\u00e2nica Nardi Ltda, cuja principal atividade inicial era a recupera\u00e7\u00e3o de m\u00e1quinas agr\u00edcolas.<\/p>\n<p>&nbsp;<\/p>\n<h1 style=\"text-align: center;\">Especializa\u00e7\u00e3o em Hidr\u00e1ulica (1994)<\/h1>\n<p><img decoding=\"async\" class=\"aligncenter wp-image-36 size-full\" src=\"https:\/\/www.nardihidraulicos.com.br\/site\/wp-content\/uploads\/2023\/10\/1994-1.jpg\" alt=\"\" width=\"505\" height=\"390\"  loading=\"lazy\" srcset=\"https:\/\/www.nardihidraulicos.com.br\/site\/wp-content\/uploads\/2023\/10\/1994-1.jpg 505w, https:\/\/www.nardihidraulicos.com.br\/site\/wp-content\/uploads\/2023\/10\/1994-1-300x232.jpg 300w\" sizes=\"auto, (max-width: 505px) 100vw, 505px\" \/><\/p>\n<p style=\"text-align: center;\">\u00c0 medida que o tempo passava, o mercado passou a demandar servi\u00e7os cada vez mais especializados. Assim, a Mec\u00e2nica Nardi Ltda iniciou seu processo de atualiza\u00e7\u00e3o e aperfei\u00e7oamento, focando em bombas, comandos e cilindros hidr\u00e1ulicos. A empresa passou a oferecer servi\u00e7os de recupera\u00e7\u00e3o e revenda desses produtos para atender a uma demanda crescente em m\u00e1quinas que utilizam sistemas hidr\u00e1ulicos.<\/p>\n<p>&nbsp;<\/p>\n<h1 style=\"text-align: center;\">Crescimento e Diversifica\u00e7\u00e3o (2004)<\/h1>\n<p><img decoding=\"async\" class=\"aligncenter wp-image-38 size-full\" src=\"https:\/\/www.nardihidraulicos.com.br\/site\/wp-content\/uploads\/2023\/10\/2004.jpg\" alt=\"\" width=\"505\" height=\"390\"  loading=\"lazy\" srcset=\"https:\/\/www.nardihidraulicos.com.br\/site\/wp-content\/uploads\/2023\/10\/2004.jpg 505w, https:\/\/www.nardihidraulicos.com.br\/site\/wp-content\/uploads\/2023\/10\/2004-300x232.jpg 300w\" sizes=\"auto, (max-width: 505px) 100vw, 505px\" \/><\/p>\n<p style=\"text-align: center;\">Com o apoio de sua fam\u00edlia, o Sr. Silvio Antonio Nardi continuou a investir no desenvolvimento da empresa, consolidando sua posi\u00e7\u00e3o como refer\u00eancia em equipamentos hidr\u00e1ulicos no Rio Grande do Sul. Em resposta \u00e0 demanda em constante crescimento, foi criada a divis\u00e3o SAN HYDRAULICS, com uma equipe de engenheiros especializados dedicados ao projeto e produ\u00e7\u00e3o de bombas, cilindros e unidades hidr\u00e1ulicas para uma ampla variedade de aplica\u00e7\u00f5es.<\/p>\n<p><img decoding=\"async\" class=\"aligncenter wp-image-42 \" src=\"https:\/\/www.nardihidraulicos.com.br\/site\/wp-content\/uploads\/2023\/10\/familia-1024x613.jpeg\" alt=\"\" width=\"874\" height=\"523\"  loading=\"lazy\" srcset=\"https:\/\/www.nardihidraulicos.com.br\/site\/wp-content\/uploads\/2023\/10\/familia.jpeg 1024w, https:\/\/www.nardihidraulicos.com.br\/site\/wp-content\/uploads\/2023\/10\/familia-300x180.jpeg 300w, https:\/\/www.nardihidraulicos.com.br\/site\/wp-content\/uploads\/2023\/10\/familia-768x460.jpeg 768w\" sizes=\"auto, (max-width: 874px) 100vw, 874px\" \/><\/p>\n<p style=\"text-align: center;\">Ao longo desse percurso, a fam\u00edlia Nardi desempenhou um papel crucial no crescimento e<br \/>\ndiversifica\u00e7\u00e3o da empresa, transformando-a em uma refer\u00eancia nos setores \u00f3leo-hidr\u00e1ulicos.<\/p>\n<p>&nbsp;<\/p>\n<h2 style=\"text-align: center;\">Nossa Miss\u00e3o<\/h2>\n<p style=\"text-align: center;\">Nosso prop\u00f3sito \u00e9 oferecer solu\u00e7\u00f5es abrangentes para sistemas hidr\u00e1ulicos, englobando a produ\u00e7\u00e3o, reparo e revenda de produtos destinados a equipamentos agr\u00edcolas, rodovi\u00e1rios e industriais. Buscamos, por meio dessas a\u00e7\u00f5es, desempenhar um papel essencial no fortalecimento e desenvolvimento desses setores em n\u00edvel nacional.<\/p>\n<h2 style=\"text-align: center;\">Nossa Vis\u00e3o<\/h2>\n<p style=\"text-align: center;\">Almejamos posicionar-nos como uma das maiores e mais rentaveis empresas no setor de sistemas hidr\u00e1ulicos do Sul do Brasil, destacando-nos por nossa excel\u00eancia e lideran\u00e7a nessa regi\u00e3o, ao oferecer solu\u00e7\u00f5es de qualidade e inova\u00e7\u00e3o para atender \u00e0s necessidades de nossos clientes e parceiros.<\/p>\n<h2 style=\"text-align: center;\">Nossos Valores<\/h2>\n<p style=\"text-align: center;\">Comprometimento<br \/>\nGarantia de Resultados<br \/>\nProfissionalismo<br \/>\nValoriza\u00e7\u00e3o das Pessoas<\/p>\n","protected":false},"excerpt":{"rendered":"<p>Em fevereiro de 1984, a empresa Silvio Antonio Nardi ME deu in\u00edcio \u00e0s suas opera\u00e7\u00f5es em Passo Fundo, Rio Grande do Sul, marcando o nascimento da atual Nardi Grupo Industrial. Hoje, a Nardi Grupo Industrial \u00e9 uma empresa de renome no mercado ga\u00facho, destacando-se na manuten\u00e7\u00e3o, revenda e fabrica\u00e7\u00e3o de produtos destinados a equipamentos hidr\u00e1ulicos [&hellip;]<\/p>\n","protected":false},"author":1,"featured_media":0,"parent":0,"menu_order":0,"comment_status":"closed","ping_status":"closed","template":"template-nardi-industrial.php","meta":{"footnotes":""},"class_list":["post-10","page","type-page","status-publish","hentry"],"_links":{"self":[{"href":"https:\/\/www.nardihidraulicos.com.br\/site\/wp-json\/wp\/v2\/pages\/10","targetHints":{"allow":["GET"]}}],"collection":[{"href":"https:\/\/www.nardihidraulicos.com.br\/site\/wp-json\/wp\/v2\/pages"}],"about":[{"href":"https:\/\/www.nardihidraulicos.com.br\/site\/wp-json\/wp\/v2\/types\/page"}],"author":[{"embeddable":true,"href":"https:\/\/www.nardihidraulicos.com.br\/site\/wp-json\/wp\/v2\/users\/1"}],"replies":[{"embeddable":true,"href":"https:\/\/www.nardihidraulicos.com.br\/site\/wp-json\/wp\/v2\/comments?post=10"}],"version-history":[{"count":18,"href":"https:\/\/www.nardihidraulicos.com.br\/site\/wp-json\/wp\/v2\/pages\/10\/revisions"}],"predecessor-version":[{"id":225,"href":"https:\/\/www.nardihidraulicos.com.br\/site\/wp-json\/wp\/v2\/pages\/10\/revisions\/225"}],"wp:attachment":[{"href":"https:\/\/www.nardihidraulicos.com.br\/site\/wp-json\/wp\/v2\/media?parent=10"}],"curies":[{"name":"wp","href":"https:\/\/api.w.org\/{rel}","templated":true}]}}