{"id":20,"date":"2023-10-12T23:54:51","date_gmt":"2023-10-12T23:54:51","guid":{"rendered":"https:\/\/www.nardihidraulicos.com.br\/site\/?page_id=20"},"modified":"2023-10-20T01:36:57","modified_gmt":"2023-10-20T01:36:57","slug":"servicos","status":"publish","type":"page","link":"https:\/\/www.nardihidraulicos.com.br\/site\/servicos\/","title":{"rendered":"Servi\u00e7os"},"content":{"rendered":"<p>O Grupo Nardi Industrial se destaca como uma refer\u00eancia no segmento de manuten\u00e7\u00e3o de bombas, cilindros, comandos e motores hidr\u00e1ulicos. Investimos continuamente em nossa infraestrutura, contando com bancadas de testes para uma variedade de equipamentos. Isso nos permite assegurar a excel\u00eancia na qualidade dos nossos servi\u00e7os, buscando solu\u00e7\u00f5es integradas para sistemas \u00f3leo-hidr\u00e1ulicos.<\/p>\n<ul>\n<li>Acumuladores hidr\u00e1ulicos;<\/li>\n<li>Bombas hidr\u00e1ulicas;<\/li>\n<li>Cilindros hidr\u00e1ulicos;<\/li>\n<li>Comandos hidr\u00e1ulicos e el\u00e9tricos;<\/li>\n<li>Comandos pneum\u00e1ticos;<\/li>\n<li>Dire\u00e7\u00f5es hidrost\u00e1ticas (orbitrol);<\/li>\n<li>Mangueiras hidr\u00e1ulicas;<\/li>\n<li>Motores hidr\u00e1ulicos;<\/li>\n<li>Transmiss\u00e3o hidrost\u00e1tica de colheitadeiras, pulverizadores e m\u00e1quinas rodovi\u00e1rias;<\/li>\n<li>V\u00e1lvulas.<\/li>\n<\/ul>\n<p><img decoding=\"async\" class=\"aligncenter wp-image-89 \" src=\"https:\/\/www.nardihidraulicos.com.br\/site\/wp-content\/uploads\/2023\/10\/s1.jpg\" alt=\"\" width=\"1122\" height=\"374\"  loading=\"lazy\" srcset=\"https:\/\/www.nardihidraulicos.com.br\/site\/wp-content\/uploads\/2023\/10\/s1.jpg 1200w, https:\/\/www.nardihidraulicos.com.br\/site\/wp-content\/uploads\/2023\/10\/s1-300x100.jpg 300w, https:\/\/www.nardihidraulicos.com.br\/site\/wp-content\/uploads\/2023\/10\/s1-768x256.jpg 768w, https:\/\/www.nardihidraulicos.com.br\/site\/wp-content\/uploads\/2023\/10\/s1-1024x341.jpg 1024w\" sizes=\"auto, (max-width: 1122px) 100vw, 1122px\" \/><\/p>\n","protected":false},"excerpt":{"rendered":"<p>O Grupo Nardi Industrial se destaca como uma refer\u00eancia no segmento de manuten\u00e7\u00e3o de bombas, cilindros, comandos e motores hidr\u00e1ulicos. Investimos continuamente em nossa infraestrutura, contando com bancadas de testes para uma variedade de equipamentos. Isso nos permite assegurar a excel\u00eancia na qualidade dos nossos servi\u00e7os, buscando solu\u00e7\u00f5es integradas para sistemas \u00f3leo-hidr\u00e1ulicos. Acumuladores hidr\u00e1ulicos; Bombas [&hellip;]<\/p>\n","protected":false},"author":1,"featured_media":0,"parent":0,"menu_order":0,"comment_status":"closed","ping_status":"closed","template":"template-servicos.php","meta":{"footnotes":""},"class_list":["post-20","page","type-page","status-publish","hentry"],"_links":{"self":[{"href":"https:\/\/www.nardihidraulicos.com.br\/site\/wp-json\/wp\/v2\/pages\/20","targetHints":{"allow":["GET"]}}],"collection":[{"href":"https:\/\/www.nardihidraulicos.com.br\/site\/wp-json\/wp\/v2\/pages"}],"about":[{"href":"https:\/\/www.nardihidraulicos.com.br\/site\/wp-json\/wp\/v2\/types\/page"}],"author":[{"embeddable":true,"href":"https:\/\/www.nardihidraulicos.com.br\/site\/wp-json\/wp\/v2\/users\/1"}],"replies":[{"embeddable":true,"href":"https:\/\/www.nardihidraulicos.com.br\/site\/wp-json\/wp\/v2\/comments?post=20"}],"version-history":[{"count":8,"href":"https:\/\/www.nardihidraulicos.com.br\/site\/wp-json\/wp\/v2\/pages\/20\/revisions"}],"predecessor-version":[{"id":91,"href":"https:\/\/www.nardihidraulicos.com.br\/site\/wp-json\/wp\/v2\/pages\/20\/revisions\/91"}],"wp:attachment":[{"href":"https:\/\/www.nardihidraulicos.com.br\/site\/wp-json\/wp\/v2\/media?parent=20"}],"curies":[{"name":"wp","href":"https:\/\/api.w.org\/{rel}","templated":true}]}}