{"id":143,"date":"2024-02-02T10:43:12","date_gmt":"2024-02-02T13:43:12","guid":{"rendered":"https:\/\/www.nardihidraulicos.com.br\/site\/?post_type=product&#038;p=143"},"modified":"2025-02-20T12:38:42","modified_gmt":"2025-02-20T15:38:42","slug":"comandos-hidraulicos","status":"publish","type":"product","link":"https:\/\/www.nardihidraulicos.com.br\/site\/product\/comandos-hidraulicos\/","title":{"rendered":"COMANDOS HIDR\u00c1ULICOS"},"content":{"rendered":"<p>Monobloco P40 e P80<\/p>\n<p>Vaz\u00e3o nominal 40 l\/min e 80l\/min<\/p>\n<p>Press\u00e3o m\u00e1xima de trabalho At\u00e9 250 bar<\/p>\n<p>Acionamento Manual, hidr\u00e1ulico, el\u00e9trico e pneum\u00e1tico<\/p>\n<p>Dispon\u00edvel de 1 at\u00e9 7 se\u00e7\u00f5es<\/p>\n","protected":false},"excerpt":{"rendered":"<p>Monobloco P40 e P80 Vaz\u00e3o nominal 40 l\/min e 80l\/min Press\u00e3o m\u00e1xima de trabalho At\u00e9 250 bar Acionamento Manual, hidr\u00e1ulico, el\u00e9trico e pneum\u00e1tico Dispon\u00edvel de 1 at\u00e9 7 se\u00e7\u00f5es<\/p>\n","protected":false},"featured_media":165,"comment_status":"closed","ping_status":"closed","template":"","meta":[],"product_brand":[],"product_cat":[16],"product_tag":[],"class_list":{"0":"post-143","1":"product","2":"type-product","3":"status-publish","4":"has-post-thumbnail","6":"product_cat-uncategorized","8":"first","9":"instock","10":"shipping-taxable","11":"product-type-simple"},"_links":{"self":[{"href":"https:\/\/www.nardihidraulicos.com.br\/site\/wp-json\/wp\/v2\/product\/143","targetHints":{"allow":["GET"]}}],"collection":[{"href":"https:\/\/www.nardihidraulicos.com.br\/site\/wp-json\/wp\/v2\/product"}],"about":[{"href":"https:\/\/www.nardihidraulicos.com.br\/site\/wp-json\/wp\/v2\/types\/product"}],"replies":[{"embeddable":true,"href":"https:\/\/www.nardihidraulicos.com.br\/site\/wp-json\/wp\/v2\/comments?post=143"}],"wp:featuredmedia":[{"embeddable":true,"href":"https:\/\/www.nardihidraulicos.com.br\/site\/wp-json\/wp\/v2\/media\/165"}],"wp:attachment":[{"href":"https:\/\/www.nardihidraulicos.com.br\/site\/wp-json\/wp\/v2\/media?parent=143"}],"wp:term":[{"taxonomy":"product_brand","embeddable":true,"href":"https:\/\/www.nardihidraulicos.com.br\/site\/wp-json\/wp\/v2\/product_brand?post=143"},{"taxonomy":"product_cat","embeddable":true,"href":"https:\/\/www.nardihidraulicos.com.br\/site\/wp-json\/wp\/v2\/product_cat?post=143"},{"taxonomy":"product_tag","embeddable":true,"href":"https:\/\/www.nardihidraulicos.com.br\/site\/wp-json\/wp\/v2\/product_tag?post=143"}],"curies":[{"name":"wp","href":"https:\/\/api.w.org\/{rel}","templated":true}]}}