{"id":145,"date":"2024-02-02T10:43:49","date_gmt":"2024-02-02T13:43:49","guid":{"rendered":"https:\/\/www.nardihidraulicos.com.br\/site\/?post_type=product&#038;p=145"},"modified":"2025-02-20T12:38:42","modified_gmt":"2025-02-20T15:38:42","slug":"bombas-de-pistao","status":"publish","type":"product","link":"https:\/\/www.nardihidraulicos.com.br\/site\/product\/bombas-de-pistao\/","title":{"rendered":"BOMBAS DE PIST\u00c3O"},"content":{"rendered":"<p>Venda e manuten\u00e7\u00e3o de bombas de pist\u00e3o de transmiss\u00e3o para colheitadeiras e pulverizadores.<\/p>\n","protected":false},"excerpt":{"rendered":"<p>Venda e manuten\u00e7\u00e3o de bombas de pist\u00e3o de transmiss\u00e3o para colheitadeiras e pulverizadores.<\/p>\n","protected":false},"featured_media":169,"comment_status":"closed","ping_status":"closed","template":"","meta":[],"product_brand":[],"product_cat":[16],"product_tag":[],"class_list":{"0":"post-145","1":"product","2":"type-product","3":"status-publish","4":"has-post-thumbnail","6":"product_cat-uncategorized","8":"first","9":"instock","10":"shipping-taxable","11":"product-type-simple"},"_links":{"self":[{"href":"https:\/\/www.nardihidraulicos.com.br\/site\/wp-json\/wp\/v2\/product\/145","targetHints":{"allow":["GET"]}}],"collection":[{"href":"https:\/\/www.nardihidraulicos.com.br\/site\/wp-json\/wp\/v2\/product"}],"about":[{"href":"https:\/\/www.nardihidraulicos.com.br\/site\/wp-json\/wp\/v2\/types\/product"}],"replies":[{"embeddable":true,"href":"https:\/\/www.nardihidraulicos.com.br\/site\/wp-json\/wp\/v2\/comments?post=145"}],"wp:featuredmedia":[{"embeddable":true,"href":"https:\/\/www.nardihidraulicos.com.br\/site\/wp-json\/wp\/v2\/media\/169"}],"wp:attachment":[{"href":"https:\/\/www.nardihidraulicos.com.br\/site\/wp-json\/wp\/v2\/media?parent=145"}],"wp:term":[{"taxonomy":"product_brand","embeddable":true,"href":"https:\/\/www.nardihidraulicos.com.br\/site\/wp-json\/wp\/v2\/product_brand?post=145"},{"taxonomy":"product_cat","embeddable":true,"href":"https:\/\/www.nardihidraulicos.com.br\/site\/wp-json\/wp\/v2\/product_cat?post=145"},{"taxonomy":"product_tag","embeddable":true,"href":"https:\/\/www.nardihidraulicos.com.br\/site\/wp-json\/wp\/v2\/product_tag?post=145"}],"curies":[{"name":"wp","href":"https:\/\/api.w.org\/{rel}","templated":true}]}}