{"id":148,"date":"2024-02-02T10:45:05","date_gmt":"2024-02-02T13:45:05","guid":{"rendered":"https:\/\/www.nardihidraulicos.com.br\/site\/?post_type=product&#038;p=148"},"modified":"2025-02-20T12:38:42","modified_gmt":"2025-02-20T15:38:42","slug":"motor-hidraulico","status":"publish","type":"product","link":"https:\/\/www.nardihidraulicos.com.br\/site\/product\/motor-hidraulico\/","title":{"rendered":"MOTOR HIDR\u00c1ULICO"},"content":{"rendered":"<p>S\u00e9rie OMP, OMS, OMR, OM3 para aplica\u00e7\u00f5es diversas<\/p>\n","protected":false},"excerpt":{"rendered":"<p>S\u00e9rie OMP, OMS, OMR, OM3 para aplica\u00e7\u00f5es diversas<\/p>\n","protected":false},"featured_media":170,"comment_status":"closed","ping_status":"closed","template":"","meta":[],"product_brand":[],"product_cat":[16],"product_tag":[],"class_list":{"0":"post-148","1":"product","2":"type-product","3":"status-publish","4":"has-post-thumbnail","6":"product_cat-uncategorized","8":"first","9":"instock","10":"shipping-taxable","11":"product-type-simple"},"_links":{"self":[{"href":"https:\/\/www.nardihidraulicos.com.br\/site\/wp-json\/wp\/v2\/product\/148","targetHints":{"allow":["GET"]}}],"collection":[{"href":"https:\/\/www.nardihidraulicos.com.br\/site\/wp-json\/wp\/v2\/product"}],"about":[{"href":"https:\/\/www.nardihidraulicos.com.br\/site\/wp-json\/wp\/v2\/types\/product"}],"replies":[{"embeddable":true,"href":"https:\/\/www.nardihidraulicos.com.br\/site\/wp-json\/wp\/v2\/comments?post=148"}],"wp:featuredmedia":[{"embeddable":true,"href":"https:\/\/www.nardihidraulicos.com.br\/site\/wp-json\/wp\/v2\/media\/170"}],"wp:attachment":[{"href":"https:\/\/www.nardihidraulicos.com.br\/site\/wp-json\/wp\/v2\/media?parent=148"}],"wp:term":[{"taxonomy":"product_brand","embeddable":true,"href":"https:\/\/www.nardihidraulicos.com.br\/site\/wp-json\/wp\/v2\/product_brand?post=148"},{"taxonomy":"product_cat","embeddable":true,"href":"https:\/\/www.nardihidraulicos.com.br\/site\/wp-json\/wp\/v2\/product_cat?post=148"},{"taxonomy":"product_tag","embeddable":true,"href":"https:\/\/www.nardihidraulicos.com.br\/site\/wp-json\/wp\/v2\/product_tag?post=148"}],"curies":[{"name":"wp","href":"https:\/\/api.w.org\/{rel}","templated":true}]}}