{"id":149,"date":"2024-02-02T10:45:30","date_gmt":"2024-02-02T13:45:30","guid":{"rendered":"https:\/\/www.nardihidraulicos.com.br\/site\/?post_type=product&#038;p=149"},"modified":"2025-02-20T12:38:42","modified_gmt":"2025-02-20T15:38:42","slug":"manutencao-de-motores-de-rodas","status":"publish","type":"product","link":"https:\/\/www.nardihidraulicos.com.br\/site\/product\/manutencao-de-motores-de-rodas\/","title":{"rendered":"MANUTEN\u00c7\u00c3O DE MOTORES DE RODAS"},"content":{"rendered":"<p>Venda e manuten\u00e7\u00e3o de motores de transmiss\u00e3o para colheitadeiras e pulverizadores.<\/p>\n","protected":false},"excerpt":{"rendered":"<p>Venda e manuten\u00e7\u00e3o de motores de transmiss\u00e3o para colheitadeiras e pulverizadores.<\/p>\n","protected":false},"featured_media":168,"comment_status":"closed","ping_status":"closed","template":"","meta":[],"product_brand":[],"product_cat":[16],"product_tag":[],"class_list":{"0":"post-149","1":"product","2":"type-product","3":"status-publish","4":"has-post-thumbnail","6":"product_cat-uncategorized","8":"first","9":"instock","10":"shipping-taxable","11":"product-type-simple"},"_links":{"self":[{"href":"https:\/\/www.nardihidraulicos.com.br\/site\/wp-json\/wp\/v2\/product\/149","targetHints":{"allow":["GET"]}}],"collection":[{"href":"https:\/\/www.nardihidraulicos.com.br\/site\/wp-json\/wp\/v2\/product"}],"about":[{"href":"https:\/\/www.nardihidraulicos.com.br\/site\/wp-json\/wp\/v2\/types\/product"}],"replies":[{"embeddable":true,"href":"https:\/\/www.nardihidraulicos.com.br\/site\/wp-json\/wp\/v2\/comments?post=149"}],"wp:featuredmedia":[{"embeddable":true,"href":"https:\/\/www.nardihidraulicos.com.br\/site\/wp-json\/wp\/v2\/media\/168"}],"wp:attachment":[{"href":"https:\/\/www.nardihidraulicos.com.br\/site\/wp-json\/wp\/v2\/media?parent=149"}],"wp:term":[{"taxonomy":"product_brand","embeddable":true,"href":"https:\/\/www.nardihidraulicos.com.br\/site\/wp-json\/wp\/v2\/product_brand?post=149"},{"taxonomy":"product_cat","embeddable":true,"href":"https:\/\/www.nardihidraulicos.com.br\/site\/wp-json\/wp\/v2\/product_cat?post=149"},{"taxonomy":"product_tag","embeddable":true,"href":"https:\/\/www.nardihidraulicos.com.br\/site\/wp-json\/wp\/v2\/product_tag?post=149"}],"curies":[{"name":"wp","href":"https:\/\/api.w.org\/{rel}","templated":true}]}}