{"id":150,"date":"2024-02-02T10:45:49","date_gmt":"2024-02-02T13:45:49","guid":{"rendered":"https:\/\/www.nardihidraulicos.com.br\/site\/?post_type=product&#038;p=150"},"modified":"2025-02-20T12:38:42","modified_gmt":"2025-02-20T15:38:42","slug":"filtros-e-acessorios","status":"publish","type":"product","link":"https:\/\/www.nardihidraulicos.com.br\/site\/product\/filtros-e-acessorios\/","title":{"rendered":"FILTROS E ACESS\u00d3RIOS"},"content":{"rendered":"<p>Acess\u00f3rios: filtros, man\u00f4metros, pressostatos, visores de n\u00edvel, mangueiras e conex\u00f5es hidr\u00e1ulicas.<\/p>\n<p>&nbsp;<\/p>\n","protected":false},"excerpt":{"rendered":"<p>Acess\u00f3rios: filtros, man\u00f4metros, pressostatos, visores de n\u00edvel, mangueiras e conex\u00f5es hidr\u00e1ulicas. &nbsp;<\/p>\n","protected":false},"featured_media":166,"comment_status":"closed","ping_status":"closed","template":"","meta":[],"product_brand":[],"product_cat":[16],"product_tag":[],"class_list":{"0":"post-150","1":"product","2":"type-product","3":"status-publish","4":"has-post-thumbnail","6":"product_cat-uncategorized","8":"first","9":"instock","10":"shipping-taxable","11":"product-type-simple"},"_links":{"self":[{"href":"https:\/\/www.nardihidraulicos.com.br\/site\/wp-json\/wp\/v2\/product\/150","targetHints":{"allow":["GET"]}}],"collection":[{"href":"https:\/\/www.nardihidraulicos.com.br\/site\/wp-json\/wp\/v2\/product"}],"about":[{"href":"https:\/\/www.nardihidraulicos.com.br\/site\/wp-json\/wp\/v2\/types\/product"}],"replies":[{"embeddable":true,"href":"https:\/\/www.nardihidraulicos.com.br\/site\/wp-json\/wp\/v2\/comments?post=150"}],"wp:featuredmedia":[{"embeddable":true,"href":"https:\/\/www.nardihidraulicos.com.br\/site\/wp-json\/wp\/v2\/media\/166"}],"wp:attachment":[{"href":"https:\/\/www.nardihidraulicos.com.br\/site\/wp-json\/wp\/v2\/media?parent=150"}],"wp:term":[{"taxonomy":"product_brand","embeddable":true,"href":"https:\/\/www.nardihidraulicos.com.br\/site\/wp-json\/wp\/v2\/product_brand?post=150"},{"taxonomy":"product_cat","embeddable":true,"href":"https:\/\/www.nardihidraulicos.com.br\/site\/wp-json\/wp\/v2\/product_cat?post=150"},{"taxonomy":"product_tag","embeddable":true,"href":"https:\/\/www.nardihidraulicos.com.br\/site\/wp-json\/wp\/v2\/product_tag?post=150"}],"curies":[{"name":"wp","href":"https:\/\/api.w.org\/{rel}","templated":true}]}}